{"id":6230,"date":"2024-11-11T11:20:20","date_gmt":"2024-11-11T16:20:20","guid":{"rendered":"https:\/\/distex.ca\/?page_id=6230"},"modified":"2024-11-11T13:10:07","modified_gmt":"2024-11-11T18:10:07","slug":"politique-de-confidentialite","status":"publish","type":"page","link":"https:\/\/distex.ca\/fr\/politique-de-confidentialite\/","title":{"rendered":"Politique de confidentialit\u00e9"},"content":{"rendered":"\t\t<div data-elementor-type=\"wp-page\" data-elementor-id=\"6230\" class=\"elementor elementor-6230 elementor-6020\" data-elementor-post-type=\"page\">\n\t\t\t\t<div class=\"elementor-element elementor-element-a02e0f4 e-con-full e-flex e-con e-parent\" data-id=\"a02e0f4\" data-element_type=\"container\" data-settings=\"{&quot;background_motion_fx_motion_fx_scrolling&quot;:&quot;yes&quot;,&quot;background_background&quot;:&quot;classic&quot;,&quot;background_motion_fx_devices&quot;:[&quot;desktop&quot;,&quot;tablet&quot;,&quot;mobile&quot;]}\">\n\t\t<div class=\"elementor-element elementor-element-2f2c320 e-con-full e-flex e-con e-child\" data-id=\"2f2c320\" data-element_type=\"container\">\n\t\t\t\t<div class=\"elementor-element elementor-element-0953b50 elementor-widget-tablet__width-initial elementor-widget__width-inherit elementor-widget elementor-widget-heading\" data-id=\"0953b50\" data-element_type=\"widget\" data-widget_type=\"heading.default\">\n\t\t\t\t<div class=\"elementor-widget-container\">\n\t\t\t\t\t<h1 class=\"elementor-heading-title elementor-size-default\">Politique de confidentialit\u00e9<\/h1>\t\t\t\t<\/div>\n\t\t\t\t<\/div>\n\t\t\t\t<\/div>\n\t\t\t\t<\/div>\n\t\t<div class=\"elementor-element elementor-element-c795919 e-flex e-con-boxed e-con e-parent\" data-id=\"c795919\" data-element_type=\"container\" data-settings=\"{&quot;background_motion_fx_motion_fx_scrolling&quot;:&quot;yes&quot;,&quot;background_background&quot;:&quot;classic&quot;,&quot;background_motion_fx_devices&quot;:[&quot;desktop&quot;,&quot;tablet&quot;,&quot;mobile&quot;]}\">\n\t\t\t\t\t<div class=\"e-con-inner\">\n\t\t\t\t<div class=\"elementor-element elementor-element-4475009 elementor-widget elementor-widget-heading\" data-id=\"4475009\" data-element_type=\"widget\" data-widget_type=\"heading.default\">\n\t\t\t\t<div class=\"elementor-widget-container\">\n\t\t\t\t\t<h2 class=\"elementor-heading-title elementor-size-default\">Politique de confidentialit\u00e9<\/h2>\t\t\t\t<\/div>\n\t\t\t\t<\/div>\n\t\t\t\t<div class=\"elementor-element elementor-element-7b3b05f elementor-widget__width-inherit politique elementor-widget elementor-widget-text-editor\" data-id=\"7b3b05f\" data-element_type=\"widget\" id=\"politique\" data-widget_type=\"text-editor.default\">\n\t\t\t\t<div class=\"elementor-widget-container\">\n\t\t\t\t\t\t\t\t\t<p class=\"p1\">L\u2019objectif de cette politique de confidentialit\u00e9 est d\u2019informer les utilisateurs de notre site distex.ca des donn\u00e9es personnelles que nous recueillons ainsi que de leur utilisation.<\/p><p class=\"p1\">Distex se conforme strictement \u00e0 la loi 25 du Qu\u00e9bec en mati\u00e8re de protection des donn\u00e9es personnelles. Cette politique de confidentialit\u00e9 d\u00e9taille \u00e9galement notre engagement et les mesures prises pour garantir la s\u00e9curit\u00e9 de vos informations personnelles<\/p><ol><li class=\"p1\">Types de donn\u00e9es personnelles collect\u00e9es<\/li><li class=\"p1\">Utilisation des informations personnelles collect\u00e9es<\/li><li class=\"p1\">Protocoles de s\u00e9curit\u00e9 des donn\u00e9es<\/li><li class=\"p1\">Vos droits<\/li><\/ol><h2><b>Types de donn\u00e9es personnelles collect\u00e9es<\/b><\/h2><h3 class=\"p1\"><b>Donn\u00e9es collect\u00e9es automatiquement<\/b><\/h3><p class=\"p1\">Lors de votre visite sur distex.ca, nous collectons automatiquement des informations sur votre appareil et votre interaction avec notre site via l\u2019outil Google Analytics.<\/p><p class=\"p1\">Cela inclut les donn\u00e9es suivantes:<\/p><ul><li class=\"p1\">Adresse IP<\/li><li class=\"p1\">Lieu<\/li><li class=\"p1\">D\u00e9tails mat\u00e9riels et logiciels<\/li><li class=\"p1\">Contenu que l\u2019utilisateur consulte sur notre site<\/li><li class=\"p1\">Liens sur lesquels un utilisateur clique en allant sur le site<\/li><\/ul><h3><b>Donn\u00e9es personnelles r\u00e9colt\u00e9es non automatiquement<\/b><\/h3><p>Vos donn\u00e9es personnelles sont collect\u00e9es via :<\/p><ul><li class=\"p1\">Formulaire de contact<\/li><\/ul><p>Cela inclut les donn\u00e9es suivantes:<\/p><ul><li class=\"p1\">Pr\u00e9nom<\/li><li class=\"p1\">Nom<\/li><li class=\"p1\">Courriel<\/li><li class=\"p1\">Num\u00e9ro de t\u00e9l\u00e9phone<\/li><li class=\"p1\">R\u00e9gion<\/li><li>Nom d&rsquo;entreprise<\/li><\/ul><h3><b>Utilisation des informations personnelles collect\u00e9es<\/b><\/h3><p>Veuillez noter que nous ne collectons que les donn\u00e9es qui nous aident \u00e0 atteindre l\u2019objectif \u00e9nonc\u00e9 dans cette politique de confidentialit\u00e9. Nous ne recueillerons pas de donn\u00e9es suppl\u00e9mentaires sans vous en informer au pr\u00e9alable.<\/p><p>Nous utilisons ces donn\u00e9es pour :<\/p><ul><li class=\"p1\"><p>Envoyer des offres promotionnelles et des communications cibl\u00e9es via notre infolettre<\/p><\/li><li class=\"p1\">Faire des analyses statistiques pour am\u00e9liorer le site<\/li><li class=\"p1\">Dans le cadre d\u2019un protocole de s\u00e9curit\u00e9 des donn\u00e9es<\/li><\/ul><h3 class=\"p1\"><b>Mesures de S\u00e9curit\u00e9<\/b><\/h3><p class=\"p1\">Your data is stored in a secure and controlled environment.<\/p><p class=\"p1\">Vos donn\u00e9es sont stock\u00e9es dans un environnement s\u00e9curis\u00e9 et contr\u00f4l\u00e9. Nous utilisons des protocoles SSL et des mesures de s\u00e9curit\u00e9 robustes avec double authentification pour pr\u00e9venir tout acc\u00e8s non autoris\u00e9.<\/p><p class=\"p1\">Nous nous engageons \u00e0 ne pas vendre ou partager vos donn\u00e9es avec des tiers sauf si la loi l\u2019exige ou en cas de proc\u00e9dure judiciaire.<\/p><p class=\"p1\">Nous pouvons divulguer \u00e0 tout membre de notre organisation les donn\u00e9es utilisateur dont il a raisonnablement besoin pour r\u00e9aliser les objectifs \u00e9nonc\u00e9s dans la pr\u00e9sente politique.<\/p><h3><b>Dur\u00e9e d\u2019exploitation des donn\u00e9es personnelles<\/b><\/h3><p class=\"p1\">Nous stockons les donn\u00e9es personnelles pour une dur\u00e9e de 5 ans. Nous veillerons \u00e0 ce que les utilisateurs soient avis\u00e9s si leurs donn\u00e9es sont conserv\u00e9es plus longtemps que cette dur\u00e9e.<\/p><h3 class=\"p1\"><b>En de cas de fuite des donn\u00e9es<\/b><\/h3><p class=\"p1\">En cas de fuite de vos donn\u00e9es personnelles, nous nous engageons \u00e0 vous en tenir inform\u00e9 ainsi que la Commission d\u2019Acc\u00e8s \u00e0 l\u2019Information du Qu\u00e9bec.<\/p><h2><b>Vos droits<\/b><\/h2><h3><b>Droits des utilisateurs<\/b><\/h3><p>Si vous \u00eates r\u00e9sident du Qu\u00e9bec, conform\u00e9ment \u00e0 la loi 25, vous b\u00e9n\u00e9ficiez de droits sp\u00e9cifiques concernant vos donn\u00e9es personnelles:<\/p><ul><li class=\"p1\">Droit d\u2019\u00eatre inform\u00e9<\/li><li class=\"p1\">Droit d\u2019acc\u00e8s<\/li><li class=\"p1\">Droit \u00e0 la rectification<\/li><li class=\"p1\">Droit \u00e0 la portabilit\u00e9 des donn\u00e9es<\/li><\/ul><p>Vous avez le droit de vous opposer \u00e0 l\u2019utilisation de vos donn\u00e9es et de les retirer.<\/p><p>Pour exercer ces droits, contactez notre responsable de la protection des donn\u00e9es personnelles<\/p><p>Adresse: <a href=\"https:\/\/maps.app.goo.gl\/7q5uRAxW9fQRBjeSA\" target=\"_blank\" rel=\"noopener\">21225 Rue Daoust, Sainte-Anne-de-Bellevue, QC H9X 0A3<\/a><\/p><p>Courriel: <a href=\"mailto:info@distex.ca\">info@distex.ca<\/a><\/p><p>T\u00e9l\u00e9phone: <a href=\"tel:514-382-3620\">514-382-3620<\/a> #104<\/p><p>Website: <a href=\"http:\/\/distex.ca\">distex.ca<\/a><\/p><h3><b>Droit d\u2019acc\u00e8s et de rectification<\/b><\/h3><p class=\"p1\">Vous pouvez consulter, modifier ou supprimer vos donn\u00e9es. Pour ce faire, utilisez les m\u00eames coordonn\u00e9es mentionn\u00e9es ci-dessus.<\/p><h3><b>Consentement et Retrait<\/b><\/h3><p class=\"p1\">Vous pouvez visiter notre site sans r\u00e9v\u00e9ler votre identit\u00e9. Cependant, certaines fonctionnalit\u00e9s n\u00e9cessitent la collecte de donn\u00e9es personnelles. Vous avez toujours le choix de ne pas fournir ces informations.<\/p><h3 class=\"p1\"><b>Mineurs<\/b><\/h3><p class=\"p1\">La loi 25 pr\u00e9cise que les personnes de moins de 14 ans sont consid\u00e9r\u00e9es comme des mineurs aux fins de la collecte de donn\u00e9es. Leurs renseignements personnels ne pourront \u00eatre recueillis aupr\u00e8s de celui-ci sans le consentement du titulaire de l\u2019autorit\u00e9 parentale ou du tuteur, sauf lorsque cette collecte sera manifestement au b\u00e9n\u00e9fice de ce mineur.<\/p><h3 class=\"p1\"><b>Liens externes<\/b><\/h3><p class=\"p1\">Notre site peut contenir des liens vers d\u2019autres sites internet. Nous ne sommes pas responsables de leurs pratiques de confidentialit\u00e9.<\/p><h2 class=\"p1\"><b>Contact<\/b><\/h2><p class=\"p1\">Notre politique de confidentialit\u00e9 a \u00e9t\u00e9 mise \u00e0 jour le 02\/11\/2024.<\/p><p class=\"p1\">Pour toute question relative \u00e0 cette politique de confidentialit\u00e9, vous pouvez\u00a0<span class=\"s1\">nous contacter via<\/span>\u00a0<a href=\"mailto:info@distex.ca\">info@distex.ca<\/a>.<\/p><p class=\"p1\">En utilisant notre site <a href=\"http:\/\/distex.ca\">distex.ca<\/a> vous acceptez les termes de cette politique de confidentialit\u00e9.<\/p>\t\t\t\t\t\t\t\t<\/div>\n\t\t\t\t<\/div>\n\t\t\t\t<div class=\"elementor-element elementor-element-93913d5 elementor-widget elementor-widget-button\" data-id=\"93913d5\" data-element_type=\"widget\" data-widget_type=\"button.default\">\n\t\t\t\t<div class=\"elementor-widget-container\">\n\t\t\t\t\t\t\t\t\t<div class=\"elementor-button-wrapper\">\n\t\t\t\t\t<a class=\"elementor-button elementor-button-link elementor-size-sm\" href=\"https:\/\/distex.ca\/fr\/contact\/\">\n\t\t\t\t\t\t<span class=\"elementor-button-content-wrapper\">\n\t\t\t\t\t\t\t\t\t<span class=\"elementor-button-text\">Contactez-nous<\/span>\n\t\t\t\t\t<\/span>\n\t\t\t\t\t<\/a>\n\t\t\t\t<\/div>\n\t\t\t\t\t\t\t\t<\/div>\n\t\t\t\t<\/div>\n\t\t\t\t\t<\/div>\n\t\t\t\t<\/div>\n\t\t\t\t<\/div>\n\t\t","protected":false},"excerpt":{"rendered":"<p>Politique de confidentialit\u00e9 Politique de confidentialit\u00e9 L\u2019objectif de cette politique de confidentialit\u00e9 est d\u2019informer les utilisateurs de notre site distex.ca des donn\u00e9es personnelles que nous recueillons ainsi que de leur utilisation. Distex se conforme strictement \u00e0 la loi 25 du Qu\u00e9bec en mati\u00e8re de protection des donn\u00e9es personnelles. Cette politique de confidentialit\u00e9 d\u00e9taille \u00e9galement notre [&hellip;]<\/p>\n","protected":false},"author":1,"featured_media":5740,"parent":0,"menu_order":0,"comment_status":"closed","ping_status":"closed","template":"elementor_header_footer","meta":{"footnotes":""},"class_list":["post-6230","page","type-page","status-publish","hentry"],"_links":{"self":[{"href":"https:\/\/distex.ca\/fr\/wp-json\/wp\/v2\/pages\/6230","targetHints":{"allow":["GET"]}}],"collection":[{"href":"https:\/\/distex.ca\/fr\/wp-json\/wp\/v2\/pages"}],"about":[{"href":"https:\/\/distex.ca\/fr\/wp-json\/wp\/v2\/types\/page"}],"author":[{"embeddable":true,"href":"https:\/\/distex.ca\/fr\/wp-json\/wp\/v2\/users\/1"}],"replies":[{"embeddable":true,"href":"https:\/\/distex.ca\/fr\/wp-json\/wp\/v2\/comments?post=6230"}],"version-history":[{"count":10,"href":"https:\/\/distex.ca\/fr\/wp-json\/wp\/v2\/pages\/6230\/revisions"}],"predecessor-version":[{"id":6249,"href":"https:\/\/distex.ca\/fr\/wp-json\/wp\/v2\/pages\/6230\/revisions\/6249"}],"wp:featuredmedia":[{"embeddable":true,"href":"https:\/\/distex.ca\/fr\/wp-json\/wp\/v2\/media\/5740"}],"wp:attachment":[{"href":"https:\/\/distex.ca\/fr\/wp-json\/wp\/v2\/media?parent=6230"}],"curies":[{"name":"wp","href":"https:\/\/api.w.org\/{rel}","templated":true}]}}