{"id":6193,"date":"2024-11-11T11:06:46","date_gmt":"2024-11-11T16:06:46","guid":{"rendered":"https:\/\/distex.ca\/?page_id=6193"},"modified":"2025-06-12T11:20:35","modified_gmt":"2025-06-12T15:20:35","slug":"a-propos-de-distex","status":"publish","type":"page","link":"https:\/\/distex.ca\/fr\/a-propos-de-distex\/","title":{"rendered":"\u00c0 propos de Distex"},"content":{"rendered":"\t\t<div data-elementor-type=\"wp-page\" data-elementor-id=\"6193\" class=\"elementor elementor-6193 elementor-5696\" data-elementor-post-type=\"page\">\n\t\t\t\t<div class=\"elementor-element elementor-element-92326e4 e-con-full e-flex e-con e-parent\" data-id=\"92326e4\" data-element_type=\"container\" data-settings=\"{&quot;background_motion_fx_devices&quot;:[&quot;desktop&quot;,&quot;tablet&quot;,&quot;mobile&quot;]}\">\n\t\t<div class=\"elementor-element elementor-element-c550f8f e-con-full e-flex e-con e-child\" data-id=\"c550f8f\" data-element_type=\"container\">\n\t\t\t\t<div class=\"elementor-element elementor-element-bb230b1 elementor-widget-tablet__width-initial elementor-widget__width-inherit elementor-widget elementor-widget-heading\" data-id=\"bb230b1\" data-element_type=\"widget\" data-widget_type=\"heading.default\">\n\t\t\t\t<div class=\"elementor-widget-container\">\n\t\t\t\t\t<h1 class=\"elementor-heading-title elementor-size-default\">\u00c0 propos de Distex,<br>votre partenaire de confiance #1 au Canada \ud83c\udf41<\/h1>\t\t\t\t<\/div>\n\t\t\t\t<\/div>\n\t\t\t\t<\/div>\n\t\t<div class=\"elementor-element elementor-element-49f7b17 e-con-full e-flex e-con e-child\" data-id=\"49f7b17\" data-element_type=\"container\">\n\t\t\t\t<div class=\"elementor-element elementor-element-8e2ec3e elementor-widget__width-inherit elementor-widget elementor-widget-text-editor\" data-id=\"8e2ec3e\" data-element_type=\"widget\" data-widget_type=\"text-editor.default\">\n\t\t\t\t<div class=\"elementor-widget-container\">\n\t\t\t\t\t\t\t\t\t<p><span style=\"font-weight: 400;\">Chez Distex, nous nous engageons \u00e0 fournir une qualit\u00e9 distinctive et un excellent service client, tout en visant \u00e0 gagner le respect et la confiance de nos clients, fournisseurs et partenaires. En tant que leader de l&rsquo;industrie, nous offrons des opportunit\u00e9s de profit \u00e0 nos partenaires et des opportunit\u00e9s de croissance \u00e0 nos membres de l&rsquo;\u00e9quipe.<\/span><\/p>\t\t\t\t\t\t\t\t<\/div>\n\t\t\t\t<\/div>\n\t\t<div class=\"elementor-element elementor-element-c132e20 e-con-full e-flex e-con e-child\" data-id=\"c132e20\" data-element_type=\"container\">\n\t\t\t\t<div class=\"elementor-element elementor-element-9bc154e elementor-widget elementor-widget-button\" data-id=\"9bc154e\" data-element_type=\"widget\" data-widget_type=\"button.default\">\n\t\t\t\t<div class=\"elementor-widget-container\">\n\t\t\t\t\t\t\t\t\t<div class=\"elementor-button-wrapper\">\n\t\t\t\t\t<a class=\"elementor-button elementor-button-link elementor-size-sm\" href=\"https:\/\/distex.ca\/fr\/contact\/\">\n\t\t\t\t\t\t<span class=\"elementor-button-content-wrapper\">\n\t\t\t\t\t\t\t\t\t<span class=\"elementor-button-text\">Contactez-nous<\/span>\n\t\t\t\t\t<\/span>\n\t\t\t\t\t<\/a>\n\t\t\t\t<\/div>\n\t\t\t\t\t\t\t\t<\/div>\n\t\t\t\t<\/div>\n\t\t\t\t<\/div>\n\t\t\t\t<\/div>\n\t\t\t\t<\/div>\n\t\t<div class=\"elementor-element elementor-element-d667fcb e-flex e-con-boxed e-con e-parent\" data-id=\"d667fcb\" data-element_type=\"container\" data-settings=\"{&quot;background_background&quot;:&quot;classic&quot;,&quot;background_motion_fx_motion_fx_scrolling&quot;:&quot;yes&quot;,&quot;background_motion_fx_scale_effect&quot;:&quot;yes&quot;,&quot;background_motion_fx_scale_speed&quot;:{&quot;unit&quot;:&quot;px&quot;,&quot;size&quot;:10,&quot;sizes&quot;:[]},&quot;background_motion_fx_scale_direction&quot;:&quot;out-in&quot;,&quot;background_motion_fx_scale_range&quot;:{&quot;unit&quot;:&quot;%&quot;,&quot;size&quot;:&quot;&quot;,&quot;sizes&quot;:{&quot;start&quot;:20,&quot;end&quot;:80}},&quot;background_motion_fx_devices&quot;:[&quot;desktop&quot;,&quot;tablet&quot;,&quot;mobile&quot;]}\">\n\t\t\t\t\t<div class=\"e-con-inner\">\n\t\t\t\t\t<\/div>\n\t\t\t\t<\/div>\n\t\t<div class=\"elementor-element elementor-element-638036f e-flex e-con-boxed e-con e-parent\" data-id=\"638036f\" data-element_type=\"container\" data-settings=\"{&quot;background_motion_fx_motion_fx_scrolling&quot;:&quot;yes&quot;,&quot;background_background&quot;:&quot;classic&quot;,&quot;background_motion_fx_devices&quot;:[&quot;desktop&quot;,&quot;tablet&quot;,&quot;mobile&quot;]}\">\n\t\t\t\t\t<div class=\"e-con-inner\">\n\t\t\t\t<div class=\"elementor-element elementor-element-fa75fc1 elementor-widget elementor-widget-heading\" data-id=\"fa75fc1\" data-element_type=\"widget\" data-widget_type=\"heading.default\">\n\t\t\t\t<div class=\"elementor-widget-container\">\n\t\t\t\t\t<h2 class=\"elementor-heading-title elementor-size-default\">Qu'est-ce que Distex<\/h2>\t\t\t\t<\/div>\n\t\t\t\t<\/div>\n\t\t\t\t<div class=\"elementor-element elementor-element-cd0ebca elementor-widget__width-inherit elementor-widget elementor-widget-text-editor\" data-id=\"cd0ebca\" data-element_type=\"widget\" data-widget_type=\"text-editor.default\">\n\t\t\t\t<div class=\"elementor-widget-container\">\n\t\t\t\t\t\t\t\t\t<p><span style=\"font-weight: 400;\">\ud83c\udf41 FI\u00c8REMENT CANADIENS \ud83c\udf41 <\/span><\/p><p><span style=\"font-weight: 400;\">Distex est un leader de confiance dans l&rsquo;industrie de l&rsquo;\u00e9quipement de restauration depuis plus de 30 ans, sp\u00e9cialis\u00e9 dans l&rsquo;\u00e9quipement alimentaire commercial. Nous sommes fiers d&rsquo;\u00eatre votre partenaire canadien fiable pour une large gamme de besoins, en proposant des marques pour la r\u00e9frig\u00e9ration commerciale, les solutions de cuisson et l&rsquo;\u00e9quipement en acier inoxydable de haute qualit\u00e9.<\/span><\/p><p><span style=\"font-weight: 400;\">Nous ne nous contentons pas de fournir des produits de premier ordre, mais nous garantissons \u00e9galement un service client exceptionnel. Notre \u00e9quipe de vente d\u00e9di\u00e9e s&rsquo;engage \u00e0 comprendre vos besoins uniques et \u00e0 fournir des solutions qui d\u00e9passent vos attentes.<\/span><\/p>\t\t\t\t\t\t\t\t<\/div>\n\t\t\t\t<\/div>\n\t\t\t\t<div class=\"elementor-element elementor-element-cae5adf elementor-widget elementor-widget-button\" data-id=\"cae5adf\" data-element_type=\"widget\" data-widget_type=\"button.default\">\n\t\t\t\t<div class=\"elementor-widget-container\">\n\t\t\t\t\t\t\t\t\t<div class=\"elementor-button-wrapper\">\n\t\t\t\t\t<a class=\"elementor-button elementor-button-link elementor-size-sm\" href=\"https:\/\/distex.ca\/fr\/contact\/\">\n\t\t\t\t\t\t<span class=\"elementor-button-content-wrapper\">\n\t\t\t\t\t\t\t\t\t<span class=\"elementor-button-text\">Contactez-nous<\/span>\n\t\t\t\t\t<\/span>\n\t\t\t\t\t<\/a>\n\t\t\t\t<\/div>\n\t\t\t\t\t\t\t\t<\/div>\n\t\t\t\t<\/div>\n\t\t\t\t\t<\/div>\n\t\t\t\t<\/div>\n\t\t<div class=\"elementor-element elementor-element-1e0042f e-con-full e-flex e-con e-parent\" data-id=\"1e0042f\" data-element_type=\"container\" data-settings=\"{&quot;background_background&quot;:&quot;classic&quot;}\">\n\t\t<div class=\"elementor-element elementor-element-68efdbc e-con-full e-flex e-con e-child\" data-id=\"68efdbc\" data-element_type=\"container\">\n\t\t\t\t<div class=\"elementor-element elementor-element-8b4ce38 elementor-widget elementor-widget-heading\" data-id=\"8b4ce38\" data-element_type=\"widget\" data-widget_type=\"heading.default\">\n\t\t\t\t<div class=\"elementor-widget-container\">\n\t\t\t\t\t<h2 class=\"elementor-heading-title elementor-size-default\">Nos valeurs<\/h2>\t\t\t\t<\/div>\n\t\t\t\t<\/div>\n\t\t\t\t<div class=\"elementor-element elementor-element-b2874fc elementor-widget__width-inherit elementor-widget elementor-widget-text-editor\" data-id=\"b2874fc\" data-element_type=\"widget\" data-widget_type=\"text-editor.default\">\n\t\t\t\t<div class=\"elementor-widget-container\">\n\t\t\t\t\t\t\t\t\t<p>Nos valeurs fondamentales nous poussent \u00e0 offrir l\u2019excellence et \u00e0 avoir un impact positif dans tout ce que nous faisons.<\/p>\t\t\t\t\t\t\t\t<\/div>\n\t\t\t\t<\/div>\n\t\t\t\t<\/div>\n\t\t<div class=\"elementor-element elementor-element-f5f3c68 e-con-full e-flex e-con e-child\" data-id=\"f5f3c68\" data-element_type=\"container\" data-settings=\"{&quot;background_background&quot;:&quot;classic&quot;}\">\n\t\t\t\t<div class=\"elementor-element elementor-element-77831ba elementor-widget elementor-widget-heading\" data-id=\"77831ba\" data-element_type=\"widget\" data-widget_type=\"heading.default\">\n\t\t\t\t<div class=\"elementor-widget-container\">\n\t\t\t\t\t<h3 class=\"elementor-heading-title elementor-size-default\">Respect<\/h3>\t\t\t\t<\/div>\n\t\t\t\t<\/div>\n\t\t\t\t<div class=\"elementor-element elementor-element-203dc54 elementor-widget-divider--view-line elementor-widget elementor-widget-divider\" data-id=\"203dc54\" data-element_type=\"widget\" data-widget_type=\"divider.default\">\n\t\t\t\t<div class=\"elementor-widget-container\">\n\t\t\t\t\t\t\t<div class=\"elementor-divider\">\n\t\t\t<span class=\"elementor-divider-separator\">\n\t\t\t\t\t\t<\/span>\n\t\t<\/div>\n\t\t\t\t\t\t<\/div>\n\t\t\t\t<\/div>\n\t\t\t\t<div class=\"elementor-element elementor-element-72d9864 elementor-widget__width-inherit elementor-widget elementor-widget-text-editor\" data-id=\"72d9864\" data-element_type=\"widget\" data-widget_type=\"text-editor.default\">\n\t\t\t\t<div class=\"elementor-widget-container\">\n\t\t\t\t\t\t\t\t\t<p>Nous valorisons les contributions de chaque individu et traitons chacun avec dignit\u00e9 et consid\u00e9ration, en favorisant un environnement favorable et inclusif.<\/p>\t\t\t\t\t\t\t\t<\/div>\n\t\t\t\t<\/div>\n\t\t\t\t<\/div>\n\t\t<div class=\"elementor-element elementor-element-8d21f04 e-con-full e-flex e-con e-child\" data-id=\"8d21f04\" data-element_type=\"container\" data-settings=\"{&quot;background_background&quot;:&quot;classic&quot;}\">\n\t\t\t\t<div class=\"elementor-element elementor-element-0cabdd2 elementor-widget elementor-widget-heading\" data-id=\"0cabdd2\" data-element_type=\"widget\" data-widget_type=\"heading.default\">\n\t\t\t\t<div class=\"elementor-widget-container\">\n\t\t\t\t\t<h3 class=\"elementor-heading-title elementor-size-default\">Int\u00e9grit\u00e9<\/h3>\t\t\t\t<\/div>\n\t\t\t\t<\/div>\n\t\t\t\t<div class=\"elementor-element elementor-element-2901c55 elementor-widget-divider--view-line elementor-widget elementor-widget-divider\" data-id=\"2901c55\" data-element_type=\"widget\" data-widget_type=\"divider.default\">\n\t\t\t\t<div class=\"elementor-widget-container\">\n\t\t\t\t\t\t\t<div class=\"elementor-divider\">\n\t\t\t<span class=\"elementor-divider-separator\">\n\t\t\t\t\t\t<\/span>\n\t\t<\/div>\n\t\t\t\t\t\t<\/div>\n\t\t\t\t<\/div>\n\t\t\t\t<div class=\"elementor-element elementor-element-53e746e elementor-widget__width-inherit elementor-widget elementor-widget-text-editor\" data-id=\"53e746e\" data-element_type=\"widget\" data-widget_type=\"text-editor.default\">\n\t\t\t\t<div class=\"elementor-widget-container\">\n\t\t\t\t\t\t\t\t\t<p>Nous adh\u00e9rons aux normes \u00e9thiques les plus \u00e9lev\u00e9es, garantissant l&rsquo;honn\u00eatet\u00e9 et la transparence dans toutes nos actions et d\u00e9cisions.<\/p>\t\t\t\t\t\t\t\t<\/div>\n\t\t\t\t<\/div>\n\t\t\t\t<\/div>\n\t\t<div class=\"elementor-element elementor-element-b466efd e-con-full e-flex e-con e-child\" data-id=\"b466efd\" data-element_type=\"container\" data-settings=\"{&quot;background_background&quot;:&quot;classic&quot;}\">\n\t\t\t\t<div class=\"elementor-element elementor-element-0108ec8 elementor-widget elementor-widget-heading\" data-id=\"0108ec8\" data-element_type=\"widget\" data-widget_type=\"heading.default\">\n\t\t\t\t<div class=\"elementor-widget-container\">\n\t\t\t\t\t<h3 class=\"elementor-heading-title elementor-size-default\">Innovation<\/h3>\t\t\t\t<\/div>\n\t\t\t\t<\/div>\n\t\t\t\t<div class=\"elementor-element elementor-element-2d59913 elementor-widget-divider--view-line elementor-widget elementor-widget-divider\" data-id=\"2d59913\" data-element_type=\"widget\" data-widget_type=\"divider.default\">\n\t\t\t\t<div class=\"elementor-widget-container\">\n\t\t\t\t\t\t\t<div class=\"elementor-divider\">\n\t\t\t<span class=\"elementor-divider-separator\">\n\t\t\t\t\t\t<\/span>\n\t\t<\/div>\n\t\t\t\t\t\t<\/div>\n\t\t\t\t<\/div>\n\t\t\t\t<div class=\"elementor-element elementor-element-a4bd651 elementor-widget__width-inherit elementor-widget elementor-widget-text-editor\" data-id=\"a4bd651\" data-element_type=\"widget\" data-widget_type=\"text-editor.default\">\n\t\t\t\t<div class=\"elementor-widget-container\">\n\t\t\t\t\t\t\t\t\t<p>Nous faisons preuve de cr\u00e9ativit\u00e9 et recherchons continuellement de nouvelles id\u00e9es et solutions pour garder une longueur d\u2019avance et stimuler le progr\u00e8s.<\/p>\t\t\t\t\t\t\t\t<\/div>\n\t\t\t\t<\/div>\n\t\t\t\t<\/div>\n\t\t<div class=\"elementor-element elementor-element-74a04e7 e-con-full e-flex e-con e-child\" data-id=\"74a04e7\" data-element_type=\"container\" data-settings=\"{&quot;background_background&quot;:&quot;classic&quot;}\">\n\t\t\t\t<div class=\"elementor-element elementor-element-7118215 elementor-widget elementor-widget-heading\" data-id=\"7118215\" data-element_type=\"widget\" data-widget_type=\"heading.default\">\n\t\t\t\t<div class=\"elementor-widget-container\">\n\t\t\t\t\t<h3 class=\"elementor-heading-title elementor-size-default\">Orientation client<\/h3>\t\t\t\t<\/div>\n\t\t\t\t<\/div>\n\t\t\t\t<div class=\"elementor-element elementor-element-08af041 elementor-widget-divider--view-line elementor-widget elementor-widget-divider\" data-id=\"08af041\" data-element_type=\"widget\" data-widget_type=\"divider.default\">\n\t\t\t\t<div class=\"elementor-widget-container\">\n\t\t\t\t\t\t\t<div class=\"elementor-divider\">\n\t\t\t<span class=\"elementor-divider-separator\">\n\t\t\t\t\t\t<\/span>\n\t\t<\/div>\n\t\t\t\t\t\t<\/div>\n\t\t\t\t<\/div>\n\t\t\t\t<div class=\"elementor-element elementor-element-f065251 elementor-widget__width-inherit elementor-widget elementor-widget-text-editor\" data-id=\"f065251\" data-element_type=\"widget\" data-widget_type=\"text-editor.default\">\n\t\t\t\t<div class=\"elementor-widget-container\">\n\t\t\t\t\t\t\t\t\t<p>Nous accordons la priorit\u00e9 aux besoins de nos clients et nous effor\u00e7ons de d\u00e9passer leurs attentes gr\u00e2ce \u00e0 un service attentionn\u00e9.<\/p>\t\t\t\t\t\t\t\t<\/div>\n\t\t\t\t<\/div>\n\t\t\t\t<\/div>\n\t\t<div class=\"elementor-element elementor-element-17c753b e-con-full e-flex e-con e-child\" data-id=\"17c753b\" data-element_type=\"container\" data-settings=\"{&quot;background_background&quot;:&quot;classic&quot;}\">\n\t\t\t\t<div class=\"elementor-element elementor-element-f89df7a elementor-widget elementor-widget-heading\" data-id=\"f89df7a\" data-element_type=\"widget\" data-widget_type=\"heading.default\">\n\t\t\t\t<div class=\"elementor-widget-container\">\n\t\t\t\t\t<h3 class=\"elementor-heading-title elementor-size-default\">Travail d'\u00e9quipe<\/h3>\t\t\t\t<\/div>\n\t\t\t\t<\/div>\n\t\t\t\t<div class=\"elementor-element elementor-element-a83b868 elementor-widget-divider--view-line elementor-widget elementor-widget-divider\" data-id=\"a83b868\" data-element_type=\"widget\" data-widget_type=\"divider.default\">\n\t\t\t\t<div class=\"elementor-widget-container\">\n\t\t\t\t\t\t\t<div class=\"elementor-divider\">\n\t\t\t<span class=\"elementor-divider-separator\">\n\t\t\t\t\t\t<\/span>\n\t\t<\/div>\n\t\t\t\t\t\t<\/div>\n\t\t\t\t<\/div>\n\t\t\t\t<div class=\"elementor-element elementor-element-cfed773 elementor-widget__width-inherit elementor-widget elementor-widget-text-editor\" data-id=\"cfed773\" data-element_type=\"widget\" data-widget_type=\"text-editor.default\">\n\t\t\t\t<div class=\"elementor-widget-container\">\n\t\t\t\t\t\t\t\t\t<p>Nous collaborons efficacement, en tirant parti des forces de chacun pour atteindre des objectifs communs et favoriser le succ\u00e8s collectif.<\/p>\t\t\t\t\t\t\t\t<\/div>\n\t\t\t\t<\/div>\n\t\t\t\t<\/div>\n\t\t<div class=\"elementor-element elementor-element-59ec1f8 e-con-full e-flex e-con e-child\" data-id=\"59ec1f8\" data-element_type=\"container\" data-settings=\"{&quot;background_background&quot;:&quot;classic&quot;}\">\n\t\t\t\t<div class=\"elementor-element elementor-element-fe19b4d elementor-widget elementor-widget-heading\" data-id=\"fe19b4d\" data-element_type=\"widget\" data-widget_type=\"heading.default\">\n\t\t\t\t<div class=\"elementor-widget-container\">\n\t\t\t\t\t<h3 class=\"elementor-heading-title elementor-size-default\">G\u00e9n\u00e9rosit\u00e9<\/h3>\t\t\t\t<\/div>\n\t\t\t\t<\/div>\n\t\t\t\t<div class=\"elementor-element elementor-element-2ec6d11 elementor-widget-divider--view-line elementor-widget elementor-widget-divider\" data-id=\"2ec6d11\" data-element_type=\"widget\" data-widget_type=\"divider.default\">\n\t\t\t\t<div class=\"elementor-widget-container\">\n\t\t\t\t\t\t\t<div class=\"elementor-divider\">\n\t\t\t<span class=\"elementor-divider-separator\">\n\t\t\t\t\t\t<\/span>\n\t\t<\/div>\n\t\t\t\t\t\t<\/div>\n\t\t\t\t<\/div>\n\t\t\t\t<div class=\"elementor-element elementor-element-a39016e elementor-widget__width-inherit elementor-widget elementor-widget-text-editor\" data-id=\"a39016e\" data-element_type=\"widget\" data-widget_type=\"text-editor.default\">\n\t\t\t\t<div class=\"elementor-widget-container\">\n\t\t\t\t\t\t\t\t\t<p>Nous redonnons activement \u00e0 notre communaut\u00e9 et soutenons les autres par la philanthropie, le b\u00e9n\u00e9volat et le partage de nos ressources.<\/p>\t\t\t\t\t\t\t\t<\/div>\n\t\t\t\t<\/div>\n\t\t\t\t<\/div>\n\t\t\t\t<\/div>\n\t\t<div class=\"elementor-element elementor-element-2564055 e-con-full e-flex e-con e-parent\" data-id=\"2564055\" data-element_type=\"container\" data-settings=\"{&quot;background_background&quot;:&quot;classic&quot;}\">\n\t\t<div class=\"elementor-element elementor-element-e254420 e-con-full e-flex e-con e-child\" data-id=\"e254420\" data-element_type=\"container\">\n\t\t\t\t<div class=\"elementor-element elementor-element-522b9b2 elementor-widget elementor-widget-heading\" data-id=\"522b9b2\" data-element_type=\"widget\" data-widget_type=\"heading.default\">\n\t\t\t\t<div class=\"elementor-widget-container\">\n\t\t\t\t\t<h2 class=\"elementor-heading-title elementor-size-default\">Notre mission en tant que<br>partenaire d'\u00e9quipement de restaurant<\/h2>\t\t\t\t<\/div>\n\t\t\t\t<\/div>\n\t\t\t\t<\/div>\n\t\t<div class=\"elementor-element elementor-element-822fae6 e-con-full e-flex e-con e-child\" data-id=\"822fae6\" data-element_type=\"container\">\n\t\t\t\t<div class=\"elementor-element elementor-element-5be8a31 elementor-widget__width-inherit elementor-widget elementor-widget-text-editor\" data-id=\"5be8a31\" data-element_type=\"widget\" data-widget_type=\"text-editor.default\">\n\t\t\t\t<div class=\"elementor-widget-container\">\n\t\t\t\t\t\t\t\t\t<p><span style=\"font-weight: 400;\">Chez Distex, nous sommes un partenaire de premier plan sp\u00e9cialis\u00e9 dans l&rsquo;\u00e9quipement alimentaire commercial, d\u00e9di\u00e9 \u00e0 fournir des solutions \u00e0 la pointe de la technologie \u00e0 nos pr\u00e9cieux partenaires commerciaux. Notre vision est de nous \u00e9tablir comme le partenaire de choix en tirant parti des approvisionnements strat\u00e9giques mondiaux et en maintenant une cha\u00eene d&rsquo;approvisionnement efficace, tout en respectant les plus hauts standards de transparence et de conformit\u00e9.<\/span><\/p><p><span style=\"font-weight: 400;\">Notre approche se caract\u00e9rise par notre engagement envers un service impeccable et une expertise reconnue. Nous sommes fiers d&rsquo;\u00eatre dignes de confiance, comp\u00e9tents, fiables et amicaux dans chaque interaction. Au c\u0153ur de nos op\u00e9rations, nous privil\u00e9gions les relations Humain-\u00e0-Humain (H2H), veillant \u00e0 ce que chaque partenariat repose sur le respect et la compr\u00e9hension mutuels<\/span><b>.<\/b><\/p>\t\t\t\t\t\t\t\t<\/div>\n\t\t\t\t<\/div>\n\t\t\t\t<\/div>\n\t\t\t\t<\/div>\n\t\t<div class=\"elementor-element elementor-element-258e36e e-con-full e-flex e-con e-parent\" data-id=\"258e36e\" data-element_type=\"container\" data-settings=\"{&quot;background_background&quot;:&quot;classic&quot;}\">\n\t\t<div class=\"elementor-element elementor-element-f32a5e0 e-con-full e-flex e-con e-child\" data-id=\"f32a5e0\" data-element_type=\"container\">\n\t\t\t\t<div class=\"elementor-element elementor-element-593ec91 elementor-widget elementor-widget-heading\" data-id=\"593ec91\" data-element_type=\"widget\" data-widget_type=\"heading.default\">\n\t\t\t\t<div class=\"elementor-widget-container\">\n\t\t\t\t\t<h2 class=\"elementor-heading-title elementor-size-default\">Notre \u00e9quipe de<br><span><i>professionnels<\/i><\/span><\/h2>\t\t\t\t<\/div>\n\t\t\t\t<\/div>\n\t\t\t\t<div class=\"elementor-element elementor-element-ade0360 elementor-widget__width-inherit elementor-widget elementor-widget-text-editor\" data-id=\"ade0360\" data-element_type=\"widget\" data-widget_type=\"text-editor.default\">\n\t\t\t\t<div class=\"elementor-widget-container\">\n\t\t\t\t\t\t\t\t\t<p>Notre \u00e9quipe est anim\u00e9e par des valeurs fondamentales qui nous guident pour offrir l\u2019excellence et avoir un impact positif dans tout ce que nous faisons. Nos repr\u00e9sentants sont des experts du secteur de la restauration, apportant des connaissances et des comp\u00e9tences approfondies \u00e0 chaque interaction. Nous sommes fiers de notre environnement multiculturel, avec des membres d\u2019\u00e9quipe issus de divers horizons \u00e0 travers le Canada, ce qui nous permet de servir nos clients avec des perspectives et des id\u00e9es uniques qui enrichissent chaque exp\u00e9rience. Ensemble, nous nous engageons \u00e0 cr\u00e9er des liens significatifs et des solutions qui favorisent le succ\u00e8s de nos clients.<\/p>\t\t\t\t\t\t\t\t<\/div>\n\t\t\t\t<\/div>\n\t\t\t\t<\/div>\n\t\t<div class=\"elementor-element elementor-element-eb8da83 e-con-full e-flex e-con e-child\" data-id=\"eb8da83\" data-element_type=\"container\" data-settings=\"{&quot;background_background&quot;:&quot;classic&quot;}\">\n\t\t\t\t<\/div>\n\t\t\t\t<\/div>\n\t\t\t\t<\/div>\n\t\t","protected":false},"excerpt":{"rendered":"<p>\u00c0 propos de Distex,votre partenaire de confiance #1 au Canada \ud83c\udf41 Chez Distex, nous nous engageons \u00e0 fournir une qualit\u00e9 distinctive et un excellent service client, tout en visant \u00e0 gagner le respect et la confiance de nos clients, fournisseurs et partenaires. En tant que leader de l&rsquo;industrie, nous offrons des opportunit\u00e9s de profit \u00e0 [&hellip;]<\/p>\n","protected":false},"author":1,"featured_media":5749,"parent":0,"menu_order":0,"comment_status":"closed","ping_status":"open","template":"elementor_header_footer","meta":{"footnotes":""},"class_list":["post-6193","page","type-page","status-publish","hentry"],"_links":{"self":[{"href":"https:\/\/distex.ca\/fr\/wp-json\/wp\/v2\/pages\/6193","targetHints":{"allow":["GET"]}}],"collection":[{"href":"https:\/\/distex.ca\/fr\/wp-json\/wp\/v2\/pages"}],"about":[{"href":"https:\/\/distex.ca\/fr\/wp-json\/wp\/v2\/types\/page"}],"author":[{"embeddable":true,"href":"https:\/\/distex.ca\/fr\/wp-json\/wp\/v2\/users\/1"}],"replies":[{"embeddable":true,"href":"https:\/\/distex.ca\/fr\/wp-json\/wp\/v2\/comments?post=6193"}],"version-history":[{"count":19,"href":"https:\/\/distex.ca\/fr\/wp-json\/wp\/v2\/pages\/6193\/revisions"}],"predecessor-version":[{"id":6556,"href":"https:\/\/distex.ca\/fr\/wp-json\/wp\/v2\/pages\/6193\/revisions\/6556"}],"wp:featuredmedia":[{"embeddable":true,"href":"https:\/\/distex.ca\/fr\/wp-json\/wp\/v2\/media\/5749"}],"wp:attachment":[{"href":"https:\/\/distex.ca\/fr\/wp-json\/wp\/v2\/media?parent=6193"}],"curies":[{"name":"wp","href":"https:\/\/api.w.org\/{rel}","templated":true}]}}